{"id":1537,"date":"2021-12-19T13:40:19","date_gmt":"2021-12-19T13:40:19","guid":{"rendered":"https:\/\/www.eikendaloptiek.nl\/site\/?page_id=1537"},"modified":"2022-01-17T20:34:20","modified_gmt":"2022-01-17T20:34:20","slug":"lyfestyle","status":"publish","type":"page","link":"https:\/\/eikendaloptiek.nl\/site\/lyfestyle\/","title":{"rendered":"LYFESTYLE"},"content":{"rendered":"\t\t<div data-elementor-type=\"wp-page\" data-elementor-id=\"1537\" class=\"elementor elementor-1537\">\n\t\t\t\t\t\t<section class=\"has_eae_slider elementor-section elementor-top-section elementor-element elementor-element-8dbeb18 elementor-section-full_width elementor-section-height-min-height elementor-section-stretched elementor-section-height-default elementor-section-items-middle\" data-eae-slider=\"86632\" data-id=\"8dbeb18\" data-element_type=\"section\" data-settings=\"{&quot;stretch_section&quot;:&quot;section-stretched&quot;}\">\n\t\t\t\t\t\t<div class=\"elementor-container elementor-column-gap-default\">\n\t\t\t\t\t<div class=\"has_eae_slider aux-parallax-section elementor-column elementor-col-100 elementor-top-column elementor-element elementor-element-7826b07\" data-eae-slider=\"12511\" data-id=\"7826b07\" data-element_type=\"column\" data-settings=\"{&quot;background_background&quot;:&quot;slideshow&quot;,&quot;background_slideshow_gallery&quot;:[{&quot;id&quot;:1599,&quot;url&quot;:&quot;https:\\\/\\\/www.eikendaloptiek.nl\\\/site\\\/wp-content\\\/uploads\\\/hoya-vision-customized-dual-surface-progressive-lifestyle-3BG.jpg&quot;}],&quot;background_slideshow_loop&quot;:&quot;yes&quot;,&quot;background_slideshow_slide_duration&quot;:5000,&quot;background_slideshow_slide_transition&quot;:&quot;fade&quot;,&quot;background_slideshow_transition_duration&quot;:500}\">\n\t\t\t<div class=\"elementor-widget-wrap elementor-element-populated\">\n\t\t\t\t\t\t<section class=\"has_eae_slider elementor-section elementor-inner-section elementor-element elementor-element-e43b5e2 elementor-section-boxed elementor-section-height-default elementor-section-height-default\" data-eae-slider=\"22452\" data-id=\"e43b5e2\" data-element_type=\"section\">\n\t\t\t\t\t\t<div class=\"elementor-container elementor-column-gap-default\">\n\t\t\t\t\t<div class=\"has_eae_slider aux-parallax-section elementor-column elementor-col-100 elementor-inner-column elementor-element elementor-element-5b3a6f8\" data-eae-slider=\"94994\" data-id=\"5b3a6f8\" data-element_type=\"column\">\n\t\t\t<div class=\"elementor-widget-wrap elementor-element-populated\">\n\t\t\t\t\t\t<div class=\"elementor-element elementor-element-418347f elementor-invisible elementor-widget elementor-widget-image\" data-id=\"418347f\" data-element_type=\"widget\" data-settings=\"{&quot;_animation&quot;:&quot;zoomIn&quot;}\" data-widget_type=\"image.default\">\n\t\t\t\t<div class=\"elementor-widget-container\">\n\t\t\t\t\t\t\t\t\t\t\t\t\t\t\t<img fetchpriority=\"high\" decoding=\"async\" width=\"1024\" height=\"520\" src=\"https:\/\/eikendaloptiek.nl\/site\/wp-content\/uploads\/hoya-vision-customized-dual-surface-progressive-lifestyle-3-1024x520.jpg\" class=\"attachment-large size-large wp-image-1594\" alt=\"\" \/>\t\t\t\t\t\t\t\t\t\t\t\t\t\t\t<\/div>\n\t\t\t\t<\/div>\n\t\t\t\t\t<\/div>\n\t\t<\/div>\n\t\t\t\t\t<\/div>\n\t\t<\/section>\n\t\t\t\t<section class=\"has_eae_slider elementor-section elementor-inner-section elementor-element elementor-element-1fb6240 elementor-section-boxed elementor-section-height-default elementor-section-height-default\" data-eae-slider=\"47355\" data-id=\"1fb6240\" data-element_type=\"section\">\n\t\t\t\t\t\t<div class=\"elementor-container elementor-column-gap-default\">\n\t\t\t\t\t<div class=\"has_eae_slider aux-parallax-section elementor-column elementor-col-100 elementor-inner-column elementor-element elementor-element-58601a0 elementor-invisible\" data-eae-slider=\"68059\" data-id=\"58601a0\" data-element_type=\"column\" data-settings=\"{&quot;animation&quot;:&quot;slideInLeft&quot;}\">\n\t\t\t<div class=\"elementor-widget-wrap elementor-element-populated\">\n\t\t\t\t\t\t<div class=\"elementor-element elementor-element-be5582a elementor-widget elementor-widget-image\" data-id=\"be5582a\" data-element_type=\"widget\" data-widget_type=\"image.default\">\n\t\t\t\t<div class=\"elementor-widget-container\">\n\t\t\t\t\t\t\t\t\t\t\t\t\t\t\t<img decoding=\"async\" width=\"150\" height=\"150\" src=\"https:\/\/eikendaloptiek.nl\/site\/wp-content\/uploads\/headLogo.svg\" class=\"attachment-thumbnail size-thumbnail wp-image-1630\" alt=\"\" srcset=\"https:\/\/eikendaloptiek.nl\/site\/wp-content\/uploads\/\/headLogo.svg 150w, https:\/\/eikendaloptiek.nl\/site\/wp-content\/uploads\/\/headLogo.svg 300w, https:\/\/eikendaloptiek.nl\/site\/wp-content\/uploads\/\/headLogo.svg 768w, https:\/\/eikendaloptiek.nl\/site\/wp-content\/uploads\/\/headLogo.svg 1024w\" sizes=\"(max-width: 150px) 100vw, 150px\" \/>\t\t\t\t\t\t\t\t\t\t\t\t\t\t\t<\/div>\n\t\t\t\t<\/div>\n\t\t\t\t<div class=\"elementor-element elementor-element-8729778 elementor-widget__width-initial elementor-widget elementor-widget-heading\" data-id=\"8729778\" data-element_type=\"widget\" data-widget_type=\"heading.default\">\n\t\t\t\t<div class=\"elementor-widget-container\">\n\t\t\t\t\t<h1 class=\"elementor-heading-title elementor-size-default\">LIFESTYLE 3\n\n____<\/h1>\t\t\t\t<\/div>\n\t\t\t\t<\/div>\n\t\t\t\t\t<\/div>\n\t\t<\/div>\n\t\t\t\t\t<\/div>\n\t\t<\/section>\n\t\t\t\t\t<\/div>\n\t\t<\/div>\n\t\t\t\t\t<\/div>\n\t\t<\/section>\n\t\t\t\t<section class=\"has_eae_slider elementor-section elementor-top-section elementor-element elementor-element-e3d8e17 elementor-section-boxed elementor-section-height-default elementor-section-height-default\" data-eae-slider=\"29429\" data-id=\"e3d8e17\" data-element_type=\"section\">\n\t\t\t\t\t\t<div class=\"elementor-container elementor-column-gap-default\">\n\t\t\t\t\t<div class=\"has_eae_slider aux-parallax-section elementor-column elementor-col-50 elementor-top-column elementor-element elementor-element-196db9e\" data-eae-slider=\"83131\" data-id=\"196db9e\" data-element_type=\"column\">\n\t\t\t<div class=\"elementor-widget-wrap elementor-element-populated\">\n\t\t\t\t\t\t<div class=\"elementor-element elementor-element-7c92f78 elementor-widget elementor-widget-heading\" data-id=\"7c92f78\" data-element_type=\"widget\" data-widget_type=\"heading.default\">\n\t\t\t\t<div class=\"elementor-widget-container\">\n\t\t\t\t\t<h2 class=\"elementor-heading-title elementor-size-default\">Premium en persoonlijk<br>\n____<\/h2>\t\t\t\t<\/div>\n\t\t\t\t<\/div>\n\t\t\t\t\t<\/div>\n\t\t<\/div>\n\t\t\t\t<div class=\"has_eae_slider aux-parallax-section elementor-column elementor-col-50 elementor-top-column elementor-element elementor-element-a779a11\" data-eae-slider=\"11354\" data-id=\"a779a11\" data-element_type=\"column\">\n\t\t\t<div class=\"elementor-widget-wrap elementor-element-populated\">\n\t\t\t\t\t\t<div class=\"elementor-element elementor-element-da3e01b elementor-widget elementor-widget-text-editor\" data-id=\"da3e01b\" data-element_type=\"widget\" data-widget_type=\"text-editor.default\">\n\t\t\t\t<div class=\"elementor-widget-container\">\n\t\t\t\t\t\t\t\t\t<div class=\"text-column col-xs-15 col-sm-8 col-sm-offset-1\"><div class=\"block-ingress\"><p><strong>De groep 45-plussers is veelzijdiger dan ooit. Werken en reizen veel, sporten fanatiek en omarmen de digitale revolutie. De verschillen onderling zijn echter groot. Dusdanig, dat deze groep al lang niet meer als \u00e9\u00e9n groep &#8211; met \u00e9\u00e9n levensstijl &#8211; gezien kan worden. Laat staan dat er sprake zou kunnen zijn van \u00e9\u00e9n soort multifocaal brillenglas.\u00a0<\/strong><\/p><\/div><div class=\"block-text post-typography\"><p><strong>LIFESTYLE 3<\/strong> multifocale brillenglazen spelen hier op in. Ze zijn er\u00a0namelijk in drie designs die precies aansluiten bij de eisen die\u00a0een bepaalde levensstijl stelt aan het gezichtsvermogen. Een\u00a0verschil ten opzichte van traditionele multifocale brillenglazen,\u00a0waar de keuze beperkt is tot \u00e9\u00e9n design. Bovendien is LIFESTYLE 3\u00a0gebaseerd op de geavanceerde Binocular Harmonization\u00a0Technology\u2122, voor perfect scherpstellen zonder inspanning.\u00a0Een eenvoudige manier om te voldoen aan de veranderende\u00a0eisen die tegenwoordig aan het kijkcomfort worden gesteld.<\/p><p><strong>LIFESTYLE 3i<\/strong> gaat nog een stap verder. Op basis van het door u gekozen montuur en de draagwijze wordt met digitale centreerapparatuur een aantal persoonlijke metingen verricht en verwerkt in het ontwerp van de brillenglazen. Deze extra individualisering zorgt voor een nog nauwkeurigere correctie en een aanzienlijk breder gezichtsveld.<\/p><\/div><\/div>\t\t\t\t\t\t\t\t<\/div>\n\t\t\t\t<\/div>\n\t\t\t\t\t<\/div>\n\t\t<\/div>\n\t\t\t\t\t<\/div>\n\t\t<\/section>\n\t\t\t\t<section class=\"has_eae_slider elementor-section elementor-top-section elementor-element elementor-element-68c80ed elementor-section-full_width elementor-section-height-min-height elementor-section-stretched elementor-section-height-default elementor-section-items-middle\" data-eae-slider=\"93354\" data-id=\"68c80ed\" data-element_type=\"section\" data-settings=\"{&quot;stretch_section&quot;:&quot;section-stretched&quot;,&quot;background_background&quot;:&quot;classic&quot;}\">\n\t\t\t\t\t\t<div class=\"elementor-container elementor-column-gap-default\">\n\t\t\t\t\t<div class=\"has_eae_slider aux-parallax-section elementor-column elementor-col-100 elementor-top-column elementor-element elementor-element-ed910bc\" data-eae-slider=\"93317\" data-id=\"ed910bc\" data-element_type=\"column\">\n\t\t\t<div class=\"elementor-widget-wrap elementor-element-populated\">\n\t\t\t\t\t\t<section class=\"has_eae_slider elementor-section elementor-inner-section elementor-element elementor-element-e865e87 elementor-section-boxed elementor-section-height-default elementor-section-height-default\" data-eae-slider=\"5231\" data-id=\"e865e87\" data-element_type=\"section\">\n\t\t\t\t\t\t<div class=\"elementor-container elementor-column-gap-default\">\n\t\t\t\t\t<div class=\"has_eae_slider aux-parallax-section elementor-column elementor-col-50 elementor-inner-column elementor-element elementor-element-883b4a2\" data-eae-slider=\"2153\" data-id=\"883b4a2\" data-element_type=\"column\">\n\t\t\t<div class=\"elementor-widget-wrap elementor-element-populated\">\n\t\t\t\t\t\t<div class=\"elementor-element elementor-element-1c1b63a elementor-widget elementor-widget-heading\" data-id=\"1c1b63a\" data-element_type=\"widget\" data-widget_type=\"heading.default\">\n\t\t\t\t<div class=\"elementor-widget-container\">\n\t\t\t\t\t<h2 class=\"elementor-heading-title elementor-size-default\">Afgestemd op uw leven<br>\n____<\/h2>\t\t\t\t<\/div>\n\t\t\t\t<\/div>\n\t\t\t\t<div class=\"elementor-element elementor-element-33a4bb4 elementor-widget elementor-widget-text-editor\" data-id=\"33a4bb4\" data-element_type=\"widget\" data-widget_type=\"text-editor.default\">\n\t\t\t\t<div class=\"elementor-widget-container\">\n\t\t\t\t\t\t\t\t\t<article id=\"1102\" class=\"block column-block two-column-block background-gray\" data-name=\"\"><div class=\"container\"><div class=\"row\"><p class=\"title col-xs-15 col-sm-5\"><strong><span style=\"font-size: 16px;\">Keuze uit 3 designs<\/span><\/strong><\/p><\/div><div class=\"row equal-height \"><div class=\"equalize col col-xs-15 col-lg-5 col-lg-offset-2 no-image \"><div class=\"content-block no-image\"><div class=\"text-container \"><div class=\"content-text post-typography\"><p><strong>LifeStyle 3 Indoor<\/strong><br \/>Een multifocaal glas met de nadruk op dichtbij kijken, lezen\u00a0en het gebruik van digitale apparaten. Ideaal voor brildragers\u00a0die veel tijd binnen doorbrengen, die in een kantoor.<\/p><p><strong>LifeStyle 3 Urban<\/strong><br \/>Een dynamisch multifocaal glas met evenveel nadruk op\u00a0alle zichtzones. Ontworpen voor dynamische brildragers die\u00a0altijd bezig zijn, maar ook van lezen houden en regelmatig\u00a0hun mobiele apparaten gebruiken.<\/p><p><strong>LifeStyle 3 Outdoor<\/strong><br \/>Een multifocaal glas met een primaire focus op veraf\u00a0kijken. De beste keuze voor wie veel tijd buiten\u00a0doorbrengt en vaak achter het stuur zit. Lezen is niet\u00a0een favoriete bezigheid.<\/p><\/div><\/div><\/div><\/div><\/div><\/div><\/article>\t\t\t\t\t\t\t\t<\/div>\n\t\t\t\t<\/div>\n\t\t\t\t\t<\/div>\n\t\t<\/div>\n\t\t\t\t<div class=\"has_eae_slider aux-parallax-section elementor-column elementor-col-50 elementor-inner-column elementor-element elementor-element-0369280\" data-eae-slider=\"53475\" data-id=\"0369280\" data-element_type=\"column\">\n\t\t\t<div class=\"elementor-widget-wrap\">\n\t\t\t\t\t\t\t<\/div>\n\t\t<\/div>\n\t\t\t\t\t<\/div>\n\t\t<\/section>\n\t\t\t\t\t<\/div>\n\t\t<\/div>\n\t\t\t\t\t<\/div>\n\t\t<\/section>\n\t\t\t\t<section class=\"has_eae_slider elementor-section elementor-top-section elementor-element elementor-element-76ede11 elementor-section-boxed elementor-section-height-default elementor-section-height-default\" data-eae-slider=\"18804\" data-id=\"76ede11\" data-element_type=\"section\">\n\t\t\t\t\t\t<div class=\"elementor-container elementor-column-gap-default\">\n\t\t\t\t\t<div class=\"has_eae_slider aux-parallax-section elementor-column elementor-col-50 elementor-top-column elementor-element elementor-element-d0ef06e\" data-eae-slider=\"52241\" data-id=\"d0ef06e\" data-element_type=\"column\">\n\t\t\t<div class=\"elementor-widget-wrap elementor-element-populated\">\n\t\t\t\t\t\t<div class=\"elementor-element elementor-element-eb2bcc6 elementor-widget elementor-widget-heading\" data-id=\"eb2bcc6\" data-element_type=\"widget\" data-widget_type=\"heading.default\">\n\t\t\t\t<div class=\"elementor-widget-container\">\n\t\t\t\t\t<h2 class=\"elementor-heading-title elementor-size-default\">U profiteert van<BR>\n____<\/h2>\t\t\t\t<\/div>\n\t\t\t\t<\/div>\n\t\t\t\t\t<\/div>\n\t\t<\/div>\n\t\t\t\t<div class=\"has_eae_slider aux-parallax-section elementor-column elementor-col-50 elementor-top-column elementor-element elementor-element-ea94c07\" data-eae-slider=\"91440\" data-id=\"ea94c07\" data-element_type=\"column\">\n\t\t\t<div class=\"elementor-widget-wrap\">\n\t\t\t\t\t\t\t<\/div>\n\t\t<\/div>\n\t\t\t\t\t<\/div>\n\t\t<\/section>\n\t\t\t\t<section class=\"has_eae_slider elementor-section elementor-top-section elementor-element elementor-element-091a52c elementor-section-boxed elementor-section-height-default elementor-section-height-default\" data-eae-slider=\"16410\" data-id=\"091a52c\" data-element_type=\"section\">\n\t\t\t\t\t\t<div class=\"elementor-container elementor-column-gap-default\">\n\t\t\t\t\t<div class=\"has_eae_slider aux-parallax-section elementor-column elementor-col-33 elementor-top-column elementor-element elementor-element-592b2bc\" data-eae-slider=\"19969\" data-id=\"592b2bc\" data-element_type=\"column\">\n\t\t\t<div class=\"elementor-widget-wrap elementor-element-populated\">\n\t\t\t\t\t\t<div class=\"elementor-element elementor-element-f8b718e elementor-widget elementor-widget-image\" data-id=\"f8b718e\" data-element_type=\"widget\" data-widget_type=\"image.default\">\n\t\t\t\t<div class=\"elementor-widget-container\">\n\t\t\t\t\t\t\t\t\t\t\t\t\t\t\t<img decoding=\"async\" width=\"150\" height=\"150\" src=\"https:\/\/eikendaloptiek.nl\/site\/wp-content\/uploads\/hoya_icon_18.svg\" class=\"attachment-thumbnail size-thumbnail wp-image-1618\" alt=\"\" srcset=\"https:\/\/eikendaloptiek.nl\/site\/wp-content\/uploads\/\/hoya_icon_18.svg 150w, https:\/\/eikendaloptiek.nl\/site\/wp-content\/uploads\/\/hoya_icon_18.svg 300w, https:\/\/eikendaloptiek.nl\/site\/wp-content\/uploads\/\/hoya_icon_18.svg 768w, https:\/\/eikendaloptiek.nl\/site\/wp-content\/uploads\/\/hoya_icon_18.svg 1024w, https:\/\/eikendaloptiek.nl\/site\/wp-content\/uploads\/\/hoya_icon_18.svg 100w\" sizes=\"(max-width: 150px) 100vw, 150px\" \/>\t\t\t\t\t\t\t\t\t\t\t\t\t\t\t<\/div>\n\t\t\t\t<\/div>\n\t\t\t\t<div class=\"elementor-element elementor-element-58a4632 elementor-widget elementor-widget-text-editor\" data-id=\"58a4632\" data-element_type=\"widget\" data-widget_type=\"text-editor.default\">\n\t\t\t\t<div class=\"elementor-widget-container\">\n\t\t\t\t\t\t\t\t\t<p>Een bijzonder nauwkeurige correctie voor een helderder zicht<\/p>\t\t\t\t\t\t\t\t<\/div>\n\t\t\t\t<\/div>\n\t\t\t\t\t<\/div>\n\t\t<\/div>\n\t\t\t\t<div class=\"has_eae_slider aux-parallax-section elementor-column elementor-col-33 elementor-top-column elementor-element elementor-element-fb72498\" data-eae-slider=\"6772\" data-id=\"fb72498\" data-element_type=\"column\">\n\t\t\t<div class=\"elementor-widget-wrap elementor-element-populated\">\n\t\t\t\t\t\t<div class=\"elementor-element elementor-element-990f835 elementor-widget elementor-widget-image\" data-id=\"990f835\" data-element_type=\"widget\" data-widget_type=\"image.default\">\n\t\t\t\t<div class=\"elementor-widget-container\">\n\t\t\t\t\t\t\t\t\t\t\t\t\t\t\t<img loading=\"lazy\" decoding=\"async\" width=\"150\" height=\"150\" src=\"https:\/\/eikendaloptiek.nl\/site\/wp-content\/uploads\/hoya_icon_32.svg\" class=\"attachment-thumbnail size-thumbnail wp-image-1621\" alt=\"\" srcset=\"https:\/\/eikendaloptiek.nl\/site\/wp-content\/uploads\/\/hoya_icon_32.svg 150w, https:\/\/eikendaloptiek.nl\/site\/wp-content\/uploads\/\/hoya_icon_32.svg 300w, https:\/\/eikendaloptiek.nl\/site\/wp-content\/uploads\/\/hoya_icon_32.svg 768w, https:\/\/eikendaloptiek.nl\/site\/wp-content\/uploads\/\/hoya_icon_32.svg 1024w, https:\/\/eikendaloptiek.nl\/site\/wp-content\/uploads\/\/hoya_icon_32.svg 100w\" sizes=\"(max-width: 150px) 100vw, 150px\" \/>\t\t\t\t\t\t\t\t\t\t\t\t\t\t\t<\/div>\n\t\t\t\t<\/div>\n\t\t\t\t<div class=\"elementor-element elementor-element-7ee321e elementor-widget elementor-widget-text-editor\" data-id=\"7ee321e\" data-element_type=\"widget\" data-widget_type=\"text-editor.default\">\n\t\t\t\t<div class=\"elementor-widget-container\">\n\t\t\t\t\t\t\t\t\t<p>Perfect en moeiteloos scherpstellen<\/p>\t\t\t\t\t\t\t\t<\/div>\n\t\t\t\t<\/div>\n\t\t\t\t\t<\/div>\n\t\t<\/div>\n\t\t\t\t<div class=\"has_eae_slider aux-parallax-section elementor-column elementor-col-33 elementor-top-column elementor-element elementor-element-020bfc0\" data-eae-slider=\"76656\" data-id=\"020bfc0\" data-element_type=\"column\">\n\t\t\t<div class=\"elementor-widget-wrap elementor-element-populated\">\n\t\t\t\t\t\t<div class=\"elementor-element elementor-element-cd13653 elementor-widget elementor-widget-image\" data-id=\"cd13653\" data-element_type=\"widget\" data-widget_type=\"image.default\">\n\t\t\t\t<div class=\"elementor-widget-container\">\n\t\t\t\t\t\t\t\t\t\t\t\t\t\t\t<img loading=\"lazy\" decoding=\"async\" width=\"150\" height=\"150\" src=\"https:\/\/eikendaloptiek.nl\/site\/wp-content\/uploads\/hoya_icon_27.svg\" class=\"attachment-thumbnail size-thumbnail wp-image-1620\" alt=\"\" srcset=\"https:\/\/eikendaloptiek.nl\/site\/wp-content\/uploads\/\/hoya_icon_27.svg 150w, https:\/\/eikendaloptiek.nl\/site\/wp-content\/uploads\/\/hoya_icon_27.svg 300w, https:\/\/eikendaloptiek.nl\/site\/wp-content\/uploads\/\/hoya_icon_27.svg 768w, https:\/\/eikendaloptiek.nl\/site\/wp-content\/uploads\/\/hoya_icon_27.svg 1024w, https:\/\/eikendaloptiek.nl\/site\/wp-content\/uploads\/\/hoya_icon_27.svg 100w\" sizes=\"(max-width: 150px) 100vw, 150px\" \/>\t\t\t\t\t\t\t\t\t\t\t\t\t\t\t<\/div>\n\t\t\t\t<\/div>\n\t\t\t\t<div class=\"elementor-element elementor-element-efabbb6 elementor-widget elementor-widget-text-editor\" data-id=\"efabbb6\" data-element_type=\"widget\" data-widget_type=\"text-editor.default\">\n\t\t\t\t<div class=\"elementor-widget-container\">\n\t\t\t\t\t\t\t\t\t<p>Een breder gezichtsveld van dichtbij tot veraf, wat ideaal is voor lezen en het gebruik van mobiele apparaten<\/p>\t\t\t\t\t\t\t\t<\/div>\n\t\t\t\t<\/div>\n\t\t\t\t\t<\/div>\n\t\t<\/div>\n\t\t\t\t\t<\/div>\n\t\t<\/section>\n\t\t\t\t<section class=\"has_eae_slider elementor-section elementor-top-section elementor-element elementor-element-a723e18 elementor-section-boxed elementor-section-height-default elementor-section-height-default\" data-eae-slider=\"36272\" data-id=\"a723e18\" data-element_type=\"section\">\n\t\t\t\t\t\t<div class=\"elementor-container elementor-column-gap-default\">\n\t\t\t\t\t<div class=\"has_eae_slider aux-parallax-section elementor-column elementor-col-50 elementor-top-column elementor-element elementor-element-71ebcf9\" data-eae-slider=\"16833\" data-id=\"71ebcf9\" data-element_type=\"column\">\n\t\t\t<div class=\"elementor-widget-wrap elementor-element-populated\">\n\t\t\t\t\t\t<div class=\"elementor-element elementor-element-d26db21 elementor-widget elementor-widget-image\" data-id=\"d26db21\" data-element_type=\"widget\" data-widget_type=\"image.default\">\n\t\t\t\t<div class=\"elementor-widget-container\">\n\t\t\t\t\t\t\t\t\t\t\t\t\t\t\t<img loading=\"lazy\" decoding=\"async\" width=\"150\" height=\"150\" src=\"https:\/\/eikendaloptiek.nl\/site\/wp-content\/uploads\/hoya_icon_33.svg\" class=\"attachment-thumbnail size-thumbnail wp-image-1622\" alt=\"\" srcset=\"https:\/\/eikendaloptiek.nl\/site\/wp-content\/uploads\/\/hoya_icon_33.svg 150w, https:\/\/eikendaloptiek.nl\/site\/wp-content\/uploads\/\/hoya_icon_33.svg 300w, https:\/\/eikendaloptiek.nl\/site\/wp-content\/uploads\/\/hoya_icon_33.svg 768w, https:\/\/eikendaloptiek.nl\/site\/wp-content\/uploads\/\/hoya_icon_33.svg 1024w, https:\/\/eikendaloptiek.nl\/site\/wp-content\/uploads\/\/hoya_icon_33.svg 100w\" sizes=\"(max-width: 150px) 100vw, 150px\" \/>\t\t\t\t\t\t\t\t\t\t\t\t\t\t\t<\/div>\n\t\t\t\t<\/div>\n\t\t\t\t<div class=\"elementor-element elementor-element-b228b2d elementor-widget elementor-widget-text-editor\" data-id=\"b228b2d\" data-element_type=\"widget\" data-widget_type=\"text-editor.default\">\n\t\t\t\t<div class=\"elementor-widget-container\">\n\t\t\t\t\t\t\t\t\tEen natuurlijk, stabiel zicht bij <br>beweging\t\t\t\t\t\t\t\t<\/div>\n\t\t\t\t<\/div>\n\t\t\t\t\t<\/div>\n\t\t<\/div>\n\t\t\t\t<div class=\"has_eae_slider aux-parallax-section elementor-column elementor-col-50 elementor-top-column elementor-element elementor-element-b1c3cda\" data-eae-slider=\"87828\" data-id=\"b1c3cda\" data-element_type=\"column\">\n\t\t\t<div class=\"elementor-widget-wrap elementor-element-populated\">\n\t\t\t\t\t\t<div class=\"elementor-element elementor-element-17ca281 elementor-widget elementor-widget-image\" data-id=\"17ca281\" data-element_type=\"widget\" data-widget_type=\"image.default\">\n\t\t\t\t<div class=\"elementor-widget-container\">\n\t\t\t\t\t\t\t\t\t\t\t\t\t\t\t<img loading=\"lazy\" decoding=\"async\" width=\"150\" height=\"150\" src=\"https:\/\/eikendaloptiek.nl\/site\/wp-content\/uploads\/hoya_icon_25.svg\" class=\"attachment-thumbnail size-thumbnail wp-image-1619\" alt=\"\" srcset=\"https:\/\/eikendaloptiek.nl\/site\/wp-content\/uploads\/\/hoya_icon_25.svg 150w, https:\/\/eikendaloptiek.nl\/site\/wp-content\/uploads\/\/hoya_icon_25.svg 300w, https:\/\/eikendaloptiek.nl\/site\/wp-content\/uploads\/\/hoya_icon_25.svg 768w, https:\/\/eikendaloptiek.nl\/site\/wp-content\/uploads\/\/hoya_icon_25.svg 1024w, https:\/\/eikendaloptiek.nl\/site\/wp-content\/uploads\/\/hoya_icon_25.svg 100w\" sizes=\"(max-width: 150px) 100vw, 150px\" \/>\t\t\t\t\t\t\t\t\t\t\t\t\t\t\t<\/div>\n\t\t\t\t<\/div>\n\t\t\t\t<div class=\"elementor-element elementor-element-951e645 elementor-widget elementor-widget-text-editor\" data-id=\"951e645\" data-element_type=\"widget\" data-widget_type=\"text-editor.default\">\n\t\t\t\t<div class=\"elementor-widget-container\">\n\t\t\t\t\t\t\t\t\tDrie ontwerpen voor uw persoonlijke<br> behoeftes\t\t\t\t\t\t\t\t<\/div>\n\t\t\t\t<\/div>\n\t\t\t\t\t<\/div>\n\t\t<\/div>\n\t\t\t\t\t<\/div>\n\t\t<\/section>\n\t\t\t\t<\/div>\n\t\t","protected":false},"excerpt":{"rendered":"<p>LIFESTYLE 3 ____ Premium en persoonlijk ____ De groep 45-plussers is veelzijdiger dan ooit. Werken en reizen veel, sporten fanatiek en omarmen de digitale revolutie. De verschillen onderling zijn echter groot. Dusdanig, dat deze groep al lang niet meer als \u00e9\u00e9n groep &#8211; met \u00e9\u00e9n levensstijl &#8211; gezien kan worden. Laat staan dat er sprake [&hellip;]<\/p>\n","protected":false},"author":3238,"featured_media":0,"parent":0,"menu_order":0,"comment_status":"closed","ping_status":"closed","template":"","meta":{"footnotes":""},"class_list":["post-1537","page","type-page","status-publish","hentry"],"_links":{"self":[{"href":"https:\/\/eikendaloptiek.nl\/site\/wp-json\/wp\/v2\/pages\/1537","targetHints":{"allow":["GET"]}}],"collection":[{"href":"https:\/\/eikendaloptiek.nl\/site\/wp-json\/wp\/v2\/pages"}],"about":[{"href":"https:\/\/eikendaloptiek.nl\/site\/wp-json\/wp\/v2\/types\/page"}],"author":[{"embeddable":true,"href":"https:\/\/eikendaloptiek.nl\/site\/wp-json\/wp\/v2\/users\/3238"}],"replies":[{"embeddable":true,"href":"https:\/\/eikendaloptiek.nl\/site\/wp-json\/wp\/v2\/comments?post=1537"}],"version-history":[{"count":34,"href":"https:\/\/eikendaloptiek.nl\/site\/wp-json\/wp\/v2\/pages\/1537\/revisions"}],"predecessor-version":[{"id":1974,"href":"https:\/\/eikendaloptiek.nl\/site\/wp-json\/wp\/v2\/pages\/1537\/revisions\/1974"}],"wp:attachment":[{"href":"https:\/\/eikendaloptiek.nl\/site\/wp-json\/wp\/v2\/media?parent=1537"}],"curies":[{"name":"wp","href":"https:\/\/api.w.org\/{rel}","templated":true}]}}